{"id":356,"date":"2023-07-12T18:27:22","date_gmt":"2023-07-12T21:27:22","guid":{"rendered":"https:\/\/clarabieri.com\/?page_id=356"},"modified":"2026-03-11T12:55:38","modified_gmt":"2026-03-11T15:55:38","slug":"inicio","status":"publish","type":"page","link":"https:\/\/clarabieri.com\/","title":{"rendered":"Inicio"},"content":{"rendered":"<p>[et_pb_section fb_built=\u00bb1&#8243; disabled_on=\u00bbon|on|off\u00bb admin_label=\u00bbheader pc\u00bb _builder_version=\u00bb4.27.3&#8243; _module_preset=\u00bbdefault\u00bb background_image=\u00bbhttps:\/\/clarabieri.com\/wp-content\/uploads\/2023\/07\/may21.jpg\u00bb custom_padding=\u00bb||172px|||\u00bb global_colors_info=\u00bb{}\u00bb][et_pb_row _builder_version=\u00bb4.21.0&#8243; _module_preset=\u00bbdefault\u00bb custom_margin=\u00bb-2px|auto||auto||\u00bb global_colors_info=\u00bb{}\u00bb][et_pb_column type=\u00bb4_4&#8243; _builder_version=\u00bb4.21.0&#8243; _module_preset=\u00bbdefault\u00bb global_colors_info=\u00bb{}\u00bb][et_pb_text _builder_version=\u00bb4.21.0&#8243; _module_preset=\u00bbdefault\u00bb text_font=\u00bbUbuntu|700|||||||\u00bb text_text_color=\u00bb#000000&#8243; text_font_size=\u00bb35px\u00bb global_colors_info=\u00bb{}\u00bb]<\/p>\n<p><span style=\"font-size: 35px; color: #666666;\"><strong id=\"yui_3_17_2_1_1689197431563_408\">Asesoramiento <\/strong><\/span><\/p>\n<p><span style=\"font-size: 35px; color: #666666;\"><strong id=\"yui_3_17_2_1_1689197431563_408\">a empresas del sector salud<\/strong><\/span><\/p>\n<p>[\/et_pb_text][\/et_pb_column][\/et_pb_row][et_pb_row _builder_version=\u00bb4.21.0&#8243; _module_preset=\u00bbdefault\u00bb custom_margin=\u00bb15px||0px||false|false\u00bb custom_padding=\u00bb0px||0px||false|false\u00bb global_colors_info=\u00bb{}\u00bb][et_pb_column type=\u00bb4_4&#8243; _builder_version=\u00bb4.21.0&#8243; _module_preset=\u00bbdefault\u00bb global_colors_info=\u00bb{}\u00bb][et_pb_text _builder_version=\u00bb4.21.0&#8243; _module_preset=\u00bbdefault\u00bb global_colors_info=\u00bb{}\u00bb]<\/p>\n<p class=\"sqsrte-large\"><strong>AN\u00c1LISIS ORGANIZACIONAL<\/strong><\/p>\n<p class=\"sqsrte-large\"><strong>EVALUACI\u00d3N DE TECNOLOG\u00cdAS SANITARIAS<\/strong><\/p>\n<p class=\"sqsrte-large\"><strong>GESTI\u00d3N DEL \u00c1REA INGENIER\u00cdA<\/strong><\/p>\n<p class=\"sqsrte-large\"><strong>AUDITOR\u00cdAS<\/strong><\/p>\n<p class=\"sqsrte-large\"><strong>SISTEMAS DE GESTI\u00d3N INTEGRAL ISO 9001 \/ 14001 \/ 45001 \/ 7101 \/ 13485<\/strong><\/p>\n<p class=\"sqsrte-large\"><strong>BUENAS PR\u00c1CTICAS EN SALUD<\/strong><\/p>\n<p class=\"sqsrte-large\"><strong>BIOSEGURIDAD<\/strong><\/p>\n<p class=\"sqsrte-large\"><strong>EVALUACI\u00d3N DEL NEGOCIO<\/strong><\/p>\n<p class=\"sqsrte-large\"><strong>COMUNICACI\u00d3N E IMAGEN CORPORATIVA<\/strong><\/p>\n<p class=\"sqsrte-large\"><strong>GESTI\u00d3N DEL CAPITAL HUMANO<\/strong><\/p>\n<p class=\"sqsrte-large\"><strong>MEDICI\u00d3N DE HUELLA DE CARBONO Y AGUA<\/strong><\/p>\n<p class=\"sqsrte-large\"><strong><\/strong><\/p>\n<p>[\/et_pb_text][\/et_pb_column][\/et_pb_row][\/et_pb_section][et_pb_section fb_built=\u00bb1&#8243; disabled_on=\u00bbon|off|on\u00bb admin_label=\u00bbheader tablet\u00bb _builder_version=\u00bb4.21.0&#8243; _module_preset=\u00bbdefault\u00bb background_image=\u00bbhttps:\/\/clarabieri.com\/wp-content\/uploads\/2023\/07\/may21.jpg\u00bb custom_padding=\u00bb||172px|||\u00bb global_colors_info=\u00bb{}\u00bb][et_pb_row _builder_version=\u00bb4.21.0&#8243; _module_preset=\u00bbdefault\u00bb custom_margin=\u00bb-2px|auto||auto||\u00bb global_colors_info=\u00bb{}\u00bb][et_pb_column type=\u00bb4_4&#8243; _builder_version=\u00bb4.21.0&#8243; _module_preset=\u00bbdefault\u00bb global_colors_info=\u00bb{}\u00bb][et_pb_text _builder_version=\u00bb4.21.0&#8243; _module_preset=\u00bbdefault\u00bb text_font=\u00bbUbuntu|700|||||||\u00bb text_text_color=\u00bb#000000&#8243; text_font_size=\u00bb35px\u00bb global_colors_info=\u00bb{}\u00bb]<\/p>\n<p><span style=\"font-size: 35px; color: #666666;\"><strong id=\"yui_3_17_2_1_1689197431563_408\">Asesoramiento <\/strong><\/span><\/p>\n<p><span style=\"font-size: 35px; color: #666666;\"><strong id=\"yui_3_17_2_1_1689197431563_408\">a empresas\u00a0<\/strong><\/span><\/p>\n<p>[\/et_pb_text][et_pb_text _builder_version=\u00bb4.21.0&#8243; _module_preset=\u00bbdefault\u00bb text_font=\u00bbUbuntu|700|||||||\u00bb text_text_color=\u00bb#000000&#8243; text_font_size=\u00bb35px\u00bb global_colors_info=\u00bb{}\u00bb]<\/p>\n<p><span style=\"font-size: 35px; color: #666666;\"><strong id=\"yui_3_17_2_1_1689197431563_408\">del sector salud<\/strong><\/span><\/p>\n<p>[\/et_pb_text][\/et_pb_column][\/et_pb_row][et_pb_row _builder_version=\u00bb4.21.0&#8243; _module_preset=\u00bbdefault\u00bb custom_margin=\u00bb15px||0px||false|false\u00bb custom_padding=\u00bb0px||0px||false|false\u00bb global_colors_info=\u00bb{}\u00bb][et_pb_column type=\u00bb4_4&#8243; _builder_version=\u00bb4.21.0&#8243; _module_preset=\u00bbdefault\u00bb global_colors_info=\u00bb{}\u00bb][et_pb_text _builder_version=\u00bb4.21.0&#8243; _module_preset=\u00bbdefault\u00bb global_colors_info=\u00bb{}\u00bb]<\/p>\n<p class=\"sqsrte-large\"><strong>AN\u00c1LISIS ORGANIZACIONAL<\/strong><\/p>\n<p class=\"sqsrte-large\"><strong>EVALUACI\u00d3N DE TECNOLOG\u00cdAS SANITARIAS<\/strong><\/p>\n<p class=\"sqsrte-large\"><strong>GESTI\u00d3N DEL \u00c1REA INGENIER\u00cdA<\/strong><\/p>\n<p class=\"sqsrte-large\"><strong>AUDITOR\u00cdAS<\/strong><\/p>\n<p class=\"sqsrte-large\"><strong>SISTEMAS DE GESTI\u00d3N INTEGRAL ISO 9001 \/ 14001 \/ 45001 \/ 7101 \/ 13485<\/strong><\/p>\n<p class=\"sqsrte-large\"><strong>BUENAS PR\u00c1CTICAS EN SALUD<\/strong><\/p>\n<p class=\"sqsrte-large\"><strong>BIOSEGURIDAD<\/strong><\/p>\n<p class=\"sqsrte-large\"><strong>EVALUACI\u00d3N DEL NEGOCIO<\/strong><\/p>\n<p class=\"sqsrte-large\"><strong>COMUNICACI\u00d3N E IMAGEN CORPORATIVA<\/strong><\/p>\n<p class=\"sqsrte-large\"><strong>GESTI\u00d3N DEL CAPITAL HUMANO<\/strong><\/p>\n<p class=\"sqsrte-large\"><strong>MEDICI\u00d3N DE HUELLA DE CARBONO Y AGUA<\/strong><\/p>\n<p class=\"sqsrte-large\"><strong><\/strong><\/p>\n<p>[\/et_pb_text][\/et_pb_column][\/et_pb_row][\/et_pb_section][et_pb_section fb_built=\u00bb1&#8243; disabled_on=\u00bboff|on|on\u00bb admin_label=\u00bbheader celular\u00bb _builder_version=\u00bb4.21.0&#8243; _module_preset=\u00bbdefault\u00bb background_image=\u00bbhttps:\/\/clarabieri.com\/wp-content\/uploads\/2023\/07\/may21.jpg\u00bb custom_padding=\u00bb||133px|||\u00bb global_colors_info=\u00bb{}\u00bb][et_pb_row _builder_version=\u00bb4.21.0&#8243; _module_preset=\u00bbdefault\u00bb custom_margin=\u00bb-2px|auto||auto||\u00bb global_colors_info=\u00bb{}\u00bb][et_pb_column type=\u00bb4_4&#8243; _builder_version=\u00bb4.21.0&#8243; _module_preset=\u00bbdefault\u00bb global_colors_info=\u00bb{}\u00bb][et_pb_text _builder_version=\u00bb4.21.0&#8243; _module_preset=\u00bbdefault\u00bb text_font=\u00bbUbuntu|700|||||||\u00bb text_text_color=\u00bb#000000&#8243; text_font_size=\u00bb35px\u00bb global_colors_info=\u00bb{}\u00bb]<\/p>\n<p><span style=\"font-size: 35px; color: #666666;\"><strong id=\"yui_3_17_2_1_1689197431563_408\">Asesoramiento <\/strong><\/span><\/p>\n<p><span style=\"font-size: 35px; color: #666666;\"><strong id=\"yui_3_17_2_1_1689197431563_408\">a empresas\u00a0<\/strong><\/span><\/p>\n<p>[\/et_pb_text][et_pb_text _builder_version=\u00bb4.21.0&#8243; _module_preset=\u00bbdefault\u00bb text_font=\u00bbUbuntu|700|||||||\u00bb text_text_color=\u00bb#000000&#8243; text_font_size=\u00bb35px\u00bb global_colors_info=\u00bb{}\u00bb]<\/p>\n<p><span style=\"font-size: 35px; color: #666666;\"><strong id=\"yui_3_17_2_1_1689197431563_408\">del sector salud<\/strong><\/span><\/p>\n<p>[\/et_pb_text][\/et_pb_column][\/et_pb_row][et_pb_row _builder_version=\u00bb4.21.0&#8243; _module_preset=\u00bbdefault\u00bb custom_margin=\u00bb15px||0px||false|false\u00bb custom_padding=\u00bb0px||0px||false|false\u00bb global_colors_info=\u00bb{}\u00bb][et_pb_column type=\u00bb4_4&#8243; _builder_version=\u00bb4.21.0&#8243; _module_preset=\u00bbdefault\u00bb global_colors_info=\u00bb{}\u00bb][et_pb_text _builder_version=\u00bb4.21.0&#8243; _module_preset=\u00bbdefault\u00bb global_colors_info=\u00bb{}\u00bb]<\/p>\n<p class=\"sqsrte-large\"><strong>AN\u00c1LISIS ORGANIZACIONAL<\/strong><\/p>\n<p class=\"sqsrte-large\"><strong><\/strong><\/p>\n<p class=\"sqsrte-large\"><strong>EVALUACI\u00d3N DE TECNOLOG\u00cdAS <\/strong><\/p>\n<p class=\"sqsrte-large\"><strong>SANITARIAS<\/strong><\/p>\n<p class=\"sqsrte-large\"><strong><\/strong><\/p>\n<p class=\"sqsrte-large\"><strong>GESTI\u00d3N DEL \u00c1REA INGENIER\u00cdA<\/strong><\/p>\n<p class=\"sqsrte-large\"><strong><\/strong><\/p>\n<p class=\"sqsrte-large\"><strong>AUDITOR\u00cdAS<\/strong><\/p>\n<p class=\"sqsrte-large\"><strong><\/strong><\/p>\n<p class=\"sqsrte-large\"><strong>SISTEMAS DE GESTI\u00d3N INTEGRAL <\/strong><\/p>\n<p class=\"sqsrte-large\"><strong>ISO 9001 \/ 14001 \/ 45001 \/ 7101 \/ 13485<\/strong><\/p>\n<p class=\"sqsrte-large\"><strong><\/strong><\/p>\n<p class=\"sqsrte-large\"><strong>BUENAS PR\u00c1CTICAS EN SALUD<\/strong><\/p>\n<p class=\"sqsrte-large\"><strong>BIOSEGURIDAD<\/strong><\/p>\n<p class=\"sqsrte-large\"><strong><\/strong><\/p>\n<p class=\"sqsrte-large\"><strong>EVALUACI\u00d3N <\/strong><\/p>\n<p class=\"sqsrte-large\"><strong>DEL NEGOCIO<\/strong><\/p>\n<p class=\"sqsrte-large\"><strong><\/strong><\/p>\n<p class=\"sqsrte-large\"><strong>COMUNICACI\u00d3N <\/strong><\/p>\n<p class=\"sqsrte-large\"><strong>E IMAGEN CORPORATIVA<\/strong><\/p>\n<p class=\"sqsrte-large\"><strong><\/strong><\/p>\n<p class=\"sqsrte-large\"><strong>GESTI\u00d3N DEL <\/strong><\/p>\n<p class=\"sqsrte-large\"><strong>CAPITAL HUMANO<\/strong><\/p>\n<p class=\"sqsrte-large\">\n<p class=\"sqsrte-large\"><strong>MEDICI\u00d3N DE <\/strong><strong style=\"font-size: 14px;\">HUELLA <\/strong><\/p>\n<p class=\"sqsrte-large\"><strong style=\"font-size: 14px;\">DE CARBONO Y <\/strong><strong style=\"font-size: 14px;\">AGUA<\/strong><\/p>\n<p>[\/et_pb_text][\/et_pb_column][\/et_pb_row][\/et_pb_section]<\/p>\n","protected":false},"excerpt":{"rendered":"<p>Asesoramiento a empresas del sector saludAN\u00c1LISIS ORGANIZACIONAL EVALUACI\u00d3N DE TECNOLOG\u00cdAS SANITARIAS GESTI\u00d3N DEL \u00c1REA INGENIER\u00cdA AUDITOR\u00cdAS SISTEMAS DE GESTI\u00d3N INTEGRAL ISO 9001 \/ 14001 \/ 45001 \/ 7101 \/ 13485 BUENAS PR\u00c1CTICAS EN SALUD BIOSEGURIDAD EVALUACI\u00d3N DEL NEGOCIO COMUNICACI\u00d3N E IMAGEN CORPORATIVA GESTI\u00d3N DEL CAPITAL HUMANO MEDICI\u00d3N DE HUELLA DE CARBONO Y AGUA Asesoramiento a [&hellip;]<\/p>\n","protected":false},"author":1,"featured_media":0,"parent":0,"menu_order":0,"comment_status":"closed","ping_status":"closed","template":"","meta":{"_et_pb_use_builder":"on","_et_pb_old_content":"<!-- wp:divi\/placeholder \/-->","_et_gb_content_width":"","footnotes":""},"class_list":["post-356","page","type-page","status-publish","hentry"],"_links":{"self":[{"href":"https:\/\/clarabieri.com\/index.php?rest_route=\/wp\/v2\/pages\/356","targetHints":{"allow":["GET"]}}],"collection":[{"href":"https:\/\/clarabieri.com\/index.php?rest_route=\/wp\/v2\/pages"}],"about":[{"href":"https:\/\/clarabieri.com\/index.php?rest_route=\/wp\/v2\/types\/page"}],"author":[{"embeddable":true,"href":"https:\/\/clarabieri.com\/index.php?rest_route=\/wp\/v2\/users\/1"}],"replies":[{"embeddable":true,"href":"https:\/\/clarabieri.com\/index.php?rest_route=%2Fwp%2Fv2%2Fcomments&post=356"}],"version-history":[{"count":15,"href":"https:\/\/clarabieri.com\/index.php?rest_route=\/wp\/v2\/pages\/356\/revisions"}],"predecessor-version":[{"id":643,"href":"https:\/\/clarabieri.com\/index.php?rest_route=\/wp\/v2\/pages\/356\/revisions\/643"}],"wp:attachment":[{"href":"https:\/\/clarabieri.com\/index.php?rest_route=%2Fwp%2Fv2%2Fmedia&parent=356"}],"curies":[{"name":"wp","href":"https:\/\/api.w.org\/{rel}","templated":true}]}}